{"id":306,"date":"2024-02-26T12:14:58","date_gmt":"2024-02-26T11:14:58","guid":{"rendered":"https:\/\/der-andere-trommler.de\/?post_type=product&#038;p=306"},"modified":"2024-03-01T16:53:41","modified_gmt":"2024-03-01T15:53:41","slug":"schnauze-voll-vom-kroenchen-richten-ebook","status":"publish","type":"product","link":"https:\/\/der-andere-trommler.de\/?product=schnauze-voll-vom-kroenchen-richten-ebook","title":{"rendered":"Schnauze voll vom Kr\u00f6nchen richten (ebook)"},"content":{"rendered":"<div id=\"ember760\" class=\"ember-view\">\n<div class=\"form-group \">Jede Frau hat ein s\u00fc\u00dfes Geheimnis &#8211; ich habe \u00fcber vierzig, und wenn Ihnen nicht verrate, wer ich wirklich bin, habe ich noch ein Geheimnis mehr.\u00a0\u00a0 Wo meine Wahrheiten sich mit meiner Phantasie und den Erfahrungen mit noch anderen Geheimnistr\u00e4gerinnen verquicken, finden Sie vielleicht selbst heraus, wenn sie das Buch lesen. Bleiben sie skeptisch, interessiert und f\u00fchlen sie sich vor allem gut unterhalten.<\/div>\n<\/div>\n","protected":false},"excerpt":{"rendered":"<p>&#8211; eBook im Format epub &#8211;<\/p>\n<p>Jede Frau hat ein s\u00fc\u00dfes Geheimnis &#8211; ich habe \u00fcber vierzig, und wenn Ihnen nicht verrate, wer ich wirklich bin, habe ich noch ein Geheimnis mehr.\u00a0\u00a0 Wo meine Wahrheiten sich mit meiner Phantasie und den Erfahrungen mit noch anderen Geheimnistr\u00e4gerinnen verquicken, finden Sie vielleicht selbst heraus, wenn sie das Buch lesen. Bleiben sie skeptisch, interessiert und f\u00fchlen sie sich vor allem gut unterhalten.<\/p>\n<p>&nbsp;<\/p>\n","protected":false},"featured_media":307,"template":"","meta":[],"product_brand":[],"product_cat":[50,22],"product_tag":[48,49,29,47],"class_list":{"0":"post-306","1":"product","2":"type-product","3":"status-publish","4":"has-post-thumbnail","6":"product_cat-ebook","7":"product_cat-edition-alexeria","8":"product_tag-biographie","9":"product_tag-partnersuche","10":"product_tag-piechnik","11":"product_tag-plattformen","13":"first","14":"instock","15":"downloadable","16":"shipping-taxable","17":"purchasable","18":"product-type-simple"},"_links":{"self":[{"href":"https:\/\/der-andere-trommler.de\/index.php?rest_route=\/wp\/v2\/product\/306","targetHints":{"allow":["GET"]}}],"collection":[{"href":"https:\/\/der-andere-trommler.de\/index.php?rest_route=\/wp\/v2\/product"}],"about":[{"href":"https:\/\/der-andere-trommler.de\/index.php?rest_route=\/wp\/v2\/types\/product"}],"wp:featuredmedia":[{"embeddable":true,"href":"https:\/\/der-andere-trommler.de\/index.php?rest_route=\/wp\/v2\/media\/307"}],"wp:attachment":[{"href":"https:\/\/der-andere-trommler.de\/index.php?rest_route=%2Fwp%2Fv2%2Fmedia&parent=306"}],"wp:term":[{"taxonomy":"product_brand","embeddable":true,"href":"https:\/\/der-andere-trommler.de\/index.php?rest_route=%2Fwp%2Fv2%2Fproduct_brand&post=306"},{"taxonomy":"product_cat","embeddable":true,"href":"https:\/\/der-andere-trommler.de\/index.php?rest_route=%2Fwp%2Fv2%2Fproduct_cat&post=306"},{"taxonomy":"product_tag","embeddable":true,"href":"https:\/\/der-andere-trommler.de\/index.php?rest_route=%2Fwp%2Fv2%2Fproduct_tag&post=306"}],"curies":[{"name":"wp","href":"https:\/\/api.w.org\/{rel}","templated":true}]}}