{"id":62,"date":"2019-09-20T08:52:48","date_gmt":"2019-09-20T08:52:48","guid":{"rendered":"http:\/\/trommler.alexeria.de\/?page_id=62"},"modified":"2019-10-12T21:01:08","modified_gmt":"2019-10-12T19:01:08","slug":"allgemeine-geschaeftsbedingungen","status":"publish","type":"page","link":"https:\/\/der-andere-trommler.de\/?page_id=62","title":{"rendered":"Allgemeine Gesch\u00e4ftsbedingungen"},"content":{"rendered":"<p>7Allgemeine Gesch\u00e4ftsbedingungen<\/p>\n<p>1. Geltungsbereich<\/p>\n<p>F\u00fcr alle Lieferungen von DER ANDERE TROMMLER an Verbraucher (\u00a7 13 BGB) gelten diese Allgemeinen Gesch\u00e4ftsbedingungen (AGB).<\/p>\n<p>Verbraucher ist jede nat\u00fcrliche Person, die ein Rechtsgesch\u00e4ft zu einem Zwecke abschlie\u00dft, der weder ihrer gewerblichen noch ihrer selbstst\u00e4ndigen beruflichen T\u00e4tigkeit zugerechnet werden kann.<\/p>\n<p>2. Vertragspartner<\/p>\n<p>Der Kaufvertrag kommt zustande mit DER ANDERE TROMMLER Verlagsbuchhandlung, A. Mehlhorn, Dallwitzstr. 39, 14165 Berlin (im Folgenden DER ANDERE TROMMLER genannt). Sie erreichen unseren Kundendienst per E-Mail unter mail@der-andere-trommler.de<\/p>\n<p>3. Angebot und Vertragsschluss<\/p>\n<p>3.1 Die Darstellung der Produkte im Online-Shop stellt kein rechtlich bindendes Angebot, sondern eine Aufforderung zur Bestellung dar. Irrt\u00fcmer vorbehalten.<\/p>\n<p>3.2 Durch Anklicken des Buttons [Bestellen] geben Sie eine verbindliche Bestellung der auf der Bestellseite aufgelisteten Waren ab. Der Kaufvertrag kommt zustande, wenn wir Ihre Bestellung durch eine Auftragsbest\u00e4tigung per E-Mail unmittelbar nach dem Erhalt Ihrer Bestellung annehmen.<\/p>\n<p>4. Widerrufsrecht<\/p>\n<p>4.1 Verbraucher haben ein vierzehnt\u00e4giges Widerrufsrecht.<\/p>\n<p>&#8212;&#8212;&#8212;&#8212;&#8212;&#8212;&#8212;&#8212;&#8212;&#8212;&#8212;&#8212;&#8212;&#8211;<br \/>\nWiderrufsbelehrung<\/p>\n<p>Widerrufsrecht<\/p>\n<p>Sie k\u00f6nnen Ihre Vertragserkl\u00e4rung innerhalb von 14 Tagen ohne Angabe von Gr\u00fcnden in Textform (z.B. Brief, Fax, E-Mail) oder, wenn Ihnen die Sache vor Fristablauf \u00fcberlassen wird, auch durch R\u00fccksendung der Sache widerrufen. Die Frist beginnt nach Erhalt dieser Belehrung in Textform, jedoch nicht vor Eingang der Ware beim Empf\u00e4nger (bei der wiederkehrenden Lieferung gleichartiger Waren nicht vor Eingang der ersten Teillieferung) und auch nicht vor Erf\u00fcllung unserer Informationspflichten gem\u00e4\u00df Artikel 246 \u00a7 2 in Verbindung mit \u00a7 1 Absatz 1 und 2 EGBGB sowie unserer Pflichten gem\u00e4\u00df \u00a7 312g Absatz 1 Satz 1 BGB in Verbindung mit Artikel 246 \u00a7 3 und . Zur Wahrung der Widerrufsfrist gen\u00fcgt die rechtzeitige Absendung des Widerrufs oder der Sache. Der Widerruf ist zu richten an:<\/p>\n<p>DER ANDERE TROMMLER Verlagsbuchhandlung<br \/>\nA. Mehlhorn<br \/>\nDallwitzstr. 39<br \/>\n14165 Berlin<br \/>\nwiderruf@der-andere-trommler.de<\/p>\n<p>Widerrufsfolgen<\/p>\n<p>Im Falle eines wirksamen Widerrufs sind die uz empfangenen Leistungen zur\u00fcckzugew\u00e4hren und ggf. gezogene Nutzungen (z.B. Zinsen) herauszugeben. K\u00f6nnen Sie uns die empfangene Leistung sowie Nutzungen (z.B. Gebrauchsvorteile) nicht oder teilweise nicht oder nur in verschlechtertem Zustand zur\u00fcckgew\u00e4hren beziehungsweise herausgeben, m\u00fcssen Sie uns insoweit Wertersatz leisten. F\u00fcr die Verschlechterung der Sache und f\u00fcr gezogene Nutzungen m\u00fcssen Sie Wertersatz nur leisten, soweit die Nutzungen oder die Verschlechterung auf einen Umgang mit der Sache zur\u00fcckzuf\u00fchren ist, der \u00fcber die Pr\u00fcfung der Eigenschaften und der Funktionsweise hinausgeht. Unter &#8222;Pr\u00fcfung der Eigenschaften und der Funktionsweise&#8220; versteht man das Testen und Ausprobieren der jeweiligen Ware, wie es etwa im Ladengesch\u00e4ft m\u00f6glich und \u00fcblich ist. Paketversandf\u00e4hige Sachen sind auf unsere Gefahr zur\u00fcckzusenden. Sie haben die regelm\u00e4\u00dfigen Kosten der R\u00fccksendung zu tragen, wenn die gelieferte Ware der bestellten entspricht und wenn der Preis der zur\u00fcckzusendenden Sache einen Betrag von 40 Euro nicht \u00fcbersteigt oder wenn Sie bei einem h\u00f6heren Preis der Sache zum Zeitpunkt des Widerrufs noch nicht die Gegenleistung oder eine vertraglich vereinbarte Teilzahlung erbracht haben. Andernfalls ist die R\u00fccksendung f\u00fcr Sie kostenfrei. Nicht paketversandf\u00e4hige Sachen werden bei Ihnen abgeholt. Verpflichtungen zur Erstattung von Zahlungen m\u00fcssen innerhalb von 30 Tagen erf\u00fcllt werden. Die Frist beginnt f\u00fcr Sie mit der Absendung Ihrer Widerrufserkl\u00e4rung oder der Sache, f\u00fcr uns mit deren Empfang.<\/p>\n<p>Ende der Widerrufsbelehrung<br \/>\n&#8212;&#8212;&#8212;&#8212;&#8212;&#8212;&#8212;&#8212;&#8212;&#8212;&#8212;&#8212;&#8212;&#8211;<\/p>\n<p>4a. R\u00fccksendekosten bei Aus\u00fcbung des Widerrufsrechtes<\/p>\n<p>Machen Sie von Ihrem gesetzlichen Widerrufsrecht Gebrauch (siehe Widerrufsbelehrung), haben Sie die regelm\u00e4\u00dfigen Kosten der R\u00fccksendung zu tragen, wenn die gelieferte Ware der bestellten entspricht und wenn der Preis der zur\u00fcckzusendenden Sache einen Betrag von 40 Euro nicht \u00fcbersteigt oder wenn Sie bei einem h\u00f6heren Preis der Sache zum Zeitpunkt des Widerrufs noch nicht die Gegenleistung oder eine vertraglich vereinbarte Teilzahlung erbracht haben. Anderenfalls ist die R\u00fccksendung f\u00fcr Sie kostenfrei.<\/p>\n<p>5. Preise und Versandkosten<\/p>\n<p>5.1 Die auf den Produktseiten genannten Preise enthalten die gesetzliche Mehrwertsteuer und sonstige Preisbestandteile.<\/p>\n<p>5.2 Informationen zu zus\u00e4tzlich anfallenden Versandkosten finden Sie in der\u00a0<a title=\"Versandkosten\" href=\"http:\/\/www.der-andere-trommler.de\/content\/6-versandkosten\">Versandkostenaufstellung<\/a>.<\/p>\n<p>6. Lieferung<\/p>\n<p>6.1 Die Lieferung erfolgt mit der Deutschen Post AG.<\/p>\n<p>6.2 Angaben zu Lieferzeiten finden Sie auf der jeweiligen Produktseite.<\/p>\n<p>7. Zahlung<\/p>\n<p>7.1 Die Zahlung erfolgt per Vorkasse.<\/p>\n<p>7.2 Ein Recht zur Aufrechnung steht Ihnen nur dann zu, wenn Ihre Gegenanspr\u00fcche rechtskr\u00e4ftig gerichtlich festgestellt oder unbestritten sind oder schriftlich durch uns anerkannt wurden.<\/p>\n<p>7.3 Sie k\u00f6nnen ein Zur\u00fcckbehaltungsrecht nur aus\u00fcben, soweit die Anspr\u00fcche aus dem gleichen Vertragsverh\u00e4ltnis resultieren.<\/p>\n<p>8. Eigentumsvorbehalt<\/p>\n<p>Bis zur vollst\u00e4ndigen Zahlung bleibt die Ware unser Eigentum.<\/p>\n<p>Weitere Informationen:<br \/>\nBestellvorgang<\/p>\n<p>Wenn Sie das gew\u00fcnschte Produkt gefunden haben, k\u00f6nnen Sie dieses unverbindlich durch Anklicken des Buttons [in den Warenkorb] in den Warenkorb legen. Den Inhalt des Warenkorbs k\u00f6nnen Sie jederzeit durch Anklicken des Buttons [Warenkorb]unverbindlich ansehen. Die Produkte k\u00f6nnen Sie jederzeit durch Anklicken des Buttons [L\u00f6schen] wieder aus dem Warenkorb entfernen. Wenn Sie die Produkte im Warenkorb kaufen wollen, klicken Sie den Button [zur Kasse]. Bitte geben Sie dann Ihre Daten ein. Die Pflichtangaben sind mit einem * gekennzeichnet. Eine Registrierung ist nicht erforderlich. Ihre Daten werden verschl\u00fcsselt \u00fcbertragen. Nach Eingabe Ihrer Daten k\u00f6nnen sie durch Anklicken des Buttons [Bestellung abschlie\u00dfen] den Bestellvorgang abschlie\u00dfen. Der Vorgang l\u00e4sst sich jederzeit durch Schlie\u00dfen des Browser-Fensters abbrechen. Auf den einzelnen Seiten erhalten Sie weitere Informationen, z.B. zu Korrekturm\u00f6glichkeiten.<\/p>\n<p>Vertragstext<\/p>\n<p>Der Vertragstext wird auf unseren internen Systemen gespeichert. Die Allgemeinen Gesch\u00e4ftsbedingungen k\u00f6nnen Sie jederzeit auf dieser Seite einsehen. Die Bestelldaten werden Ihnen per E-Mail zugesendet. Nach Abschluss der Bestellung ist der Vertragstext aus Sicherheitsgr\u00fcnden nicht mehr \u00fcber das Internet zug\u00e4nglich.<\/p>\n","protected":false},"excerpt":{"rendered":"<p>7Allgemeine Gesch\u00e4ftsbedingungen 1. Geltungsbereich F\u00fcr alle Lieferungen von DER ANDERE TROMMLER an Verbraucher (\u00a7 13 BGB) gelten diese Allgemeinen Gesch\u00e4ftsbedingungen (AGB). Verbraucher ist jede nat\u00fcrliche Person, die ein Rechtsgesch\u00e4ft zu einem Zwecke abschlie\u00dft, der weder ihrer gewerblichen noch ihrer selbstst\u00e4ndigen beruflichen T\u00e4tigkeit zugerechnet werden kann. 2. Vertragspartner Der Kaufvertrag kommt zustande mit DER ANDERE TROMMLER [&hellip;]<\/p>\n","protected":false},"author":1,"featured_media":0,"parent":0,"menu_order":0,"comment_status":"closed","ping_status":"closed","template":"","meta":{"footnotes":""},"class_list":["post-62","page","type-page","status-publish","hentry"],"_links":{"self":[{"href":"https:\/\/der-andere-trommler.de\/index.php?rest_route=\/wp\/v2\/pages\/62","targetHints":{"allow":["GET"]}}],"collection":[{"href":"https:\/\/der-andere-trommler.de\/index.php?rest_route=\/wp\/v2\/pages"}],"about":[{"href":"https:\/\/der-andere-trommler.de\/index.php?rest_route=\/wp\/v2\/types\/page"}],"author":[{"embeddable":true,"href":"https:\/\/der-andere-trommler.de\/index.php?rest_route=\/wp\/v2\/users\/1"}],"replies":[{"embeddable":true,"href":"https:\/\/der-andere-trommler.de\/index.php?rest_route=%2Fwp%2Fv2%2Fcomments&post=62"}],"version-history":[{"count":4,"href":"https:\/\/der-andere-trommler.de\/index.php?rest_route=\/wp\/v2\/pages\/62\/revisions"}],"predecessor-version":[{"id":161,"href":"https:\/\/der-andere-trommler.de\/index.php?rest_route=\/wp\/v2\/pages\/62\/revisions\/161"}],"wp:attachment":[{"href":"https:\/\/der-andere-trommler.de\/index.php?rest_route=%2Fwp%2Fv2%2Fmedia&parent=62"}],"curies":[{"name":"wp","href":"https:\/\/api.w.org\/{rel}","templated":true}]}}