{"id":56,"date":"2019-09-20T08:50:40","date_gmt":"2019-09-20T08:50:40","guid":{"rendered":"http:\/\/trommler.alexeria.de\/?page_id=56"},"modified":"2022-01-10T19:17:15","modified_gmt":"2022-01-10T18:17:15","slug":"der-andere-trommler","status":"publish","type":"page","link":"https:\/\/der-andere-trommler.de\/","title":{"rendered":"Der andere Trommler"},"content":{"rendered":"<p>Die Deutsche Erstausgabe von Henry David Thoreaus <em>A Week on on the Concord and Merrimack Rivers<\/em> war der Ansto\u00df f\u00fcr Alexander Mehlhorn, einen Verlag zu gr\u00fcnden, dessen Name eine Reminiszenz an\u00a0 Thoreaus bekanntestes Werk Walden ist:<\/p>\n<p style=\"text-align: center;\"><em>&#8222;Wenn jemand mit seinen Gef\u00e4hrten nicht Schritt h\u00e4lt, so tut er es vielleicht deshalb nicht,<br \/>\n<\/em><em>weil er <strong>einen anderen Trommler<\/strong> h\u00f6rt.<br \/>\n<\/em><em>Lasst ihn zu der Musik marschieren, die er h\u00f6rt, wie auch ihr Takt und wie fern sie selbst auch sei.&#8220;<\/em><\/p>\n<p>F\u00fcr den Verlag richtungsweisend sind Freiheit und Unabh\u00e4ngigkeit \u2013 zentrale Themen auch bei Thoreau, die bis heute nichts von ihrer Aktualit\u00e4t verloren haben. Dies gilt sowohl programmatisch als auch formal \u2013 so wird f\u00fcr die technische Umsetzung ausschlie\u00dflich freie und quelloffene Software sowie ein freier Schrifttyp verwendet. (WordPress_06)<\/p>\n","protected":false},"excerpt":{"rendered":"<p>Die Deutsche Erstausgabe von Henry David Thoreaus A Week on on the Concord and Merrimack Rivers war der Ansto\u00df f\u00fcr Alexander Mehlhorn, einen Verlag zu gr\u00fcnden, dessen Name eine Reminiszenz an\u00a0 Thoreaus bekanntestes Werk Walden ist: &#8222;Wenn jemand mit seinen Gef\u00e4hrten nicht Schritt h\u00e4lt, so tut er es vielleicht deshalb nicht, weil er einen anderen [&hellip;]<\/p>\n","protected":false},"author":1,"featured_media":0,"parent":0,"menu_order":0,"comment_status":"closed","ping_status":"closed","template":"","meta":{"footnotes":""},"class_list":["post-56","page","type-page","status-publish","hentry"],"_links":{"self":[{"href":"https:\/\/der-andere-trommler.de\/index.php?rest_route=\/wp\/v2\/pages\/56","targetHints":{"allow":["GET"]}}],"collection":[{"href":"https:\/\/der-andere-trommler.de\/index.php?rest_route=\/wp\/v2\/pages"}],"about":[{"href":"https:\/\/der-andere-trommler.de\/index.php?rest_route=\/wp\/v2\/types\/page"}],"author":[{"embeddable":true,"href":"https:\/\/der-andere-trommler.de\/index.php?rest_route=\/wp\/v2\/users\/1"}],"replies":[{"embeddable":true,"href":"https:\/\/der-andere-trommler.de\/index.php?rest_route=%2Fwp%2Fv2%2Fcomments&post=56"}],"version-history":[{"count":6,"href":"https:\/\/der-andere-trommler.de\/index.php?rest_route=\/wp\/v2\/pages\/56\/revisions"}],"predecessor-version":[{"id":257,"href":"https:\/\/der-andere-trommler.de\/index.php?rest_route=\/wp\/v2\/pages\/56\/revisions\/257"}],"wp:attachment":[{"href":"https:\/\/der-andere-trommler.de\/index.php?rest_route=%2Fwp%2Fv2%2Fmedia&parent=56"}],"curies":[{"name":"wp","href":"https:\/\/api.w.org\/{rel}","templated":true}]}}